{"id":5812,"date":"2023-03-29T07:58:30","date_gmt":"2023-03-29T05:58:30","guid":{"rendered":"https:\/\/kancelariasurowka.pl\/?page_id=5812"},"modified":"2025-05-06T17:23:52","modified_gmt":"2025-05-06T15:23:52","slug":"privacy-policy","status":"publish","type":"page","link":"https:\/\/kancelariasurowka.pl\/en\/privacy-policy\/","title":{"rendered":"Privacy Policy"},"content":{"rendered":"<h1 style=\"text-align: center;\">Privacy Policy<\/h1>\n<ol>\n<li><span style=\"font-family: Times New Roman, serif;\"><span style=\"font-size: medium;\"><span style=\"color: #000000;\"><span style=\"font-family: Cambria, serif;\"><span style=\"font-size: small;\"><b>Data Controller<\/b><\/span><\/span><\/span><span style=\"color: #000000;\"><span style=\"font-family: Cambria, serif;\"><span style=\"font-size: small;\"> of the personal data of the Clients and collaborators of the law firm, within the meaning of Articles 13 and 14 of the Regulation (EU) 2016\/679 of the European Parliament and of the Council on the protection of natural persons with regard to the processing of personal data and on the free movement of such data, and repealing Directive 95\/46\/EC (General Data Protection Regulation), dated April 27, 2016 (hereinafter also: <\/span><\/span><\/span><span style=\"color: #000000;\"><span style=\"font-family: Cambria, serif;\"><span style=\"font-size: small;\"><i><b>GDPR<\/b><\/i><\/span><\/span><\/span><span style=\"color: #000000;\"><span style=\"font-family: Cambria, serif;\"><span style=\"font-size: small;\">),<\/span><\/span><\/span><span style=\"color: #000000;\"><span style=\"font-family: Cambria, serif;\"><span style=\"font-size: small;\"> is attorney Micha\u0142 Sur\u00f3wka, conducting business under the name <\/span><\/span><\/span><span style=\"color: #000000;\"><span style=\"font-family: Cambria, serif;\"><span style=\"font-size: small;\"><i>SUR\u00d3WKA Law Office, Attorney Micha\u0142 Sur\u00f3wka<\/i><\/span><\/span><\/span><span style=\"color: #000000;\"><span style=\"font-family: Cambria, serif;\"><span style=\"font-size: small;\">, Jana Kochanowskiego 19\/4, 31-127 Krakow (hereinafter also: <\/span><\/span><\/span><span style=\"color: #000000;\"><span style=\"font-family: Cambria, serif;\"><span style=\"font-size: small;\"><i><b>Data Controller<\/b><\/i><\/span><\/span><\/span><span style=\"color: #000000;\"><span style=\"font-family: Cambria, serif;\"><span style=\"font-size: small;\">).<\/span><\/span><\/span><\/span><\/span><\/li>\n<li>\n<p align=\"justify\"><span style=\"font-family: Times New Roman, serif;\"><span style=\"font-size: medium;\"><span style=\"color: #000000;\"><span style=\"font-family: Cambria, serif;\"><span style=\"font-size: small;\"><b>Data Controller<\/b><\/span><\/span><\/span><span style=\"color: #000000;\"><span style=\"font-family: Cambria, serif;\"><span style=\"font-size: small;\"> commits to ensuring the proper acquisition, protection, and processing of personal data, particularly by those authorized to process such data on their behalf. <\/span><\/span><\/span><\/span><\/span><\/p>\n<\/li>\n<li>\n<p align=\"justify\"><span style=\"font-family: Times New Roman, serif;\"><span style=\"font-size: medium;\"><span style=\"color: #000000;\"><span style=\"font-family: Cambria, serif;\"><span style=\"font-size: small;\">The Data Controller may process personal data of potential and actual Clients of the Law Firm, as well as contractors, suppliers, and their representatives.<\/span><\/span><\/span><\/span><\/span><\/p>\n<\/li>\n<li>\n<p align=\"justify\"><span style=\"font-family: Times New Roman, serif;\"><span style=\"font-size: medium;\"><span style=\"color: #000000;\"><span style=\"font-family: Cambria, serif;\"><span style=\"font-size: small;\">Your data will be processed to the extent necessary for the provision of legal services by the Law Firm. This includes primarily the content of provided documents, correspondence, and possibly other information obtained by the Law Firm from publicly available sources, such as first and last name, mailing address, phone number, email address, or other contact details, i.e., data classified as non-sensitive.<\/span><\/span><\/span><\/span><\/span><\/p>\n<\/li>\n<li>\n<p align=\"justify\"><span style=\"font-family: Times New Roman, serif;\"><span style=\"font-size: medium;\"><span style=\"color: #000000;\"><span style=\"font-family: Cambria, serif;\"><span style=\"font-size: small;\">If we process your data in connection with an agreement, the purpose of the processing is to conclude and perform the agreement, including conducting negotiations, presenting offers, and communication related to the performance of the agreement (Article 6(1)(b) GDPR), as well as the fulfillment of legal obligations, including tax obligations, issuing VAT invoices, handling complaints, and fulfilling the informational obligation (Article 6(1)(c) GDPR).<\/span><\/span><\/span><\/span><\/span><\/p>\n<\/li>\n<li>\n<p align=\"justify\"><span style=\"font-family: Times New Roman, serif;\"><span style=\"font-size: medium;\"><span style=\"color: #000000;\"><span style=\"font-family: Cambria, serif;\"><span style=\"font-size: small;\">If you have contacted the Law Firm on your own behalf, including through the form available on the Law Firm&#8217;s website, we process your data to respond to your inquiry or carry out other actions for which you have given your consent (Article 6(1)(a) GDPR) and based on our legitimate interest, which consists of handling requests and inquiries related to our business activities (Article 6(1)(f) GDPR). Providing the personal data indicated in the form is voluntary but necessary to use the form and process your inquiry.<\/span><\/span><\/span><\/span><\/span><\/p>\n<\/li>\n<li>\n<p align=\"justify\"><span style=\"font-family: Times New Roman, serif;\"><span style=\"font-size: medium;\"><span style=\"color: #000000;\"><span style=\"font-family: Cambria, serif;\"><span style=\"font-size: small;\">If we process your data based on consent, please note that you can withdraw your consent at any time, but this will not affect the lawfulness of processing that occurred before the withdrawal of consent.<\/span><\/span><\/span><\/span><\/span><\/p>\n<\/li>\n<li>\n<p align=\"justify\"><span style=\"font-family: Times New Roman, serif;\"><span style=\"font-size: medium;\"><span style=\"color: #000000;\"><span style=\"font-family: Cambria, serif;\"><span style=\"font-size: small;\"><b>If you act on behalf of the client of the Law Firm, its contractor, or any other entity, we process your personal data for the purpose of communication, in the context of your representation of the third party, as well as for the purpose of concluding or performing a contract with that third party or carrying out a joint venture. The legal basis for processing your personal data for this purpose is our legitimate interest (Article 6(1)(f) GDPR) \u2013 building and maintaining a relationship with the third party on behalf of which you are acting, including concluding and performing relevant contracts with it.<\/b><\/span><\/span><\/span><\/span><\/span><\/p>\n<\/li>\n<li>\n<p align=\"justify\"><span style=\"font-family: Times New Roman, serif;\"><span style=\"font-size: medium;\"><span style=\"color: #000000;\"><span style=\"font-family: Cambria, serif;\"><span style=\"font-size: small;\">Your personal data may be shared with entities processing them under contracts concluded with the <b>Administrator<\/b>, but only to the extent necessary for the achievement of the above-mentioned purposes. Such entities process the data solely in accordance with the instructions of the <b>Administrator<\/b>. In addition to the <b>Administrator<\/b>, access to your personal data will be granted to appropriately authorized employees or collaborators of the Law Firm, to the extent necessary for the realization of the aforementioned purposes. All these individuals are required to keep such information confidential, and your data remains protected. Your data may also be shared with entities that the Law Firm engages to assist with data processing, to the extent necessary, such as accounting firms, IT services, document destruction companies, postal operators, and entities providing access to electronic mail.<\/span><\/span><\/span><\/span><\/span><\/p>\n<\/li>\n<li>\n<p align=\"justify\"><span style=\"font-family: Times New Roman, serif;\"><span style=\"font-size: medium;\"><span style=\"color: #000000;\"><span style=\"font-family: Cambria, serif;\"><span style=\"font-size: small;\">Beyond the aforementioned entities, your personal data may only be disclosed to those authorized to do so under national or EU law. The <b>Administrator<\/b> will exercise due diligence to appropriately safeguard the personal data provided, particularly against unauthorized access, and will take all necessary measures to ensure the application of their knowledge and expertise in order to fulfill this assurance.<\/span><\/span><\/span><\/span><\/span><\/p>\n<\/li>\n<li>\n<p align=\"justify\"><span style=\"font-family: Times New Roman, serif;\"><span style=\"font-size: medium;\"><span style=\"color: #000000;\"><span style=\"font-family: Cambria, serif;\"><span style=\"font-size: small;\">Providing personal data is voluntary, but necessary for the provision of the legal services offered by the Law Firm. Refusal to provide personal data will, however, result in the inability to provide the aforementioned services.<\/span><\/span><\/span><\/span><\/span><\/p>\n<\/li>\n<li>\n<p align=\"justify\"><span style=\"font-family: Times New Roman, serif;\"><span style=\"font-size: medium;\"><span style=\"color: #000000;\"><span style=\"font-family: Cambria, serif;\"><span style=\"font-size: small;\">In connection with the processing of your personal data, you have the right to request from the <b>Administrator<\/b> access to your personal data, rectification, deletion, restriction of processing, or to object to its processing, as well as the right to data portability.<\/span><\/span><\/span><\/span><\/span><\/p>\n<\/li>\n<\/ol>\n<p align=\"justify\"><span style=\"font-family: Times New Roman, serif;\"><span style=\"font-size: medium;\"><span style=\"color: #000000;\"><span style=\"font-family: Cambria, serif;\"><span style=\"font-size: small;\"><b>If you wish to exercise any of the above rights or if you have any questions or concerns related to the processing of your personal data, please contact us in person, by traditional mail, or via email:<\/b><\/span><\/span><\/span><\/span><\/span><\/p>\n<p align=\"justify\"><span style=\"font-family: Times New Roman, serif;\"><span style=\"font-size: medium;\"><span style=\"color: #000000;\"><span style=\"font-family: Cambria, serif;\"><span style=\"font-size: small;\"><i><b>SUR\u00d3WKA Law Firm<\/b><\/i><\/span><\/span><\/span><span style=\"color: #000000;\"><span style=\"font-family: Cambria, serif;\"><span style=\"font-size: small;\">, Jana Kochanowskiego 19\/4, 31-127 Krakow, email address: adwokat.m.surowka@kancelariasurowka.pl.<\/span><\/span><\/span><\/span><\/span><\/p>\n<ol start=\"14\">\n<li>\n<p align=\"justify\"><span style=\"font-family: Times New Roman, serif;\"><span style=\"font-size: medium;\"><span style=\"color: #000000;\"><span style=\"font-family: Cambria, serif;\"><span style=\"font-size: small;\">In connection with the processing of personal data, you have the right to lodge a complaint with the supervisory authority: the President of the Personal Data Protection Office.<\/span><\/span><\/span><\/span><\/span><\/p>\n<\/li>\n<li>\n<p align=\"justify\"><span style=\"font-family: Times New Roman, serif;\"><span style=\"font-size: medium;\"><span style=\"color: #000000;\"><span style=\"font-family: Cambria, serif;\"><span style=\"font-size: small;\">You have the right to withdraw your consent to the processing of personal data at any time. Withdrawal of consent does not affect the lawfulness of the processing based on consent prior to its withdrawal.<\/span><\/span><\/span><\/span><\/span><\/p>\n<\/li>\n<li>\n<p align=\"justify\"><span style=\"font-family: Times New Roman, serif;\"><span style=\"font-size: medium;\"><span style=\"color: #000000;\"><span style=\"font-family: Cambria, serif;\"><span style=\"font-size: small;\">Personal data will be processed only for as long as necessary to achieve the processing purpose or until consent is withdrawn. We process your personal data only for the period necessary for the purposes for which they were originally collected. After this period, they will be deleted, except in cases where we are required to continue processing such data to fulfill legal obligations. If you are a client, employee, or collaborator of the Law Firm, we will store your personal data for at least the duration of the contract or the period necessary to conclude it, and then for a maximum period of 10 years from the termination of the contract or \u2013 if the contract was not concluded \u2013 2 years from the last contact or completion of negotiations.<\/span><\/span><\/span><\/span><\/span><\/p>\n<\/li>\n<li>\n<p align=\"justify\"><span style=\"font-family: Times New Roman, serif;\"><span style=\"font-size: medium;\"><span style=\"color: #000000;\"><span style=\"font-family: Cambria, serif;\"><span style=\"font-size: small;\">Personal data processed based on your consent will be processed until such consent is withdrawn or the purpose for which the consent was given is fulfilled.<\/span><\/span><\/span><\/span><\/span><\/p>\n<\/li>\n<li>\n<p align=\"justify\"><span style=\"font-family: Times New Roman, serif;\"><span style=\"font-size: medium;\"><span style=\"color: #000000;\"><span style=\"font-family: Cambria, serif;\"><span style=\"font-size: small;\">The above periods may be appropriately extended, if necessary, in the case of any claims or legal proceedings \u2013 for the duration of such proceedings and their settlements \u2013 as well as if the law requires their processing for longer periods in specific cases.<\/span><\/span><\/span><\/span><\/span><\/p>\n<\/li>\n<li>\n<p align=\"justify\"><span style=\"font-family: Times New Roman, serif;\"><span style=\"font-size: medium;\"><span style=\"color: #000000;\"><span style=\"font-family: Cambria, serif;\"><span style=\"font-size: small;\"><b>The Administrator<\/b><\/span><\/span><\/span><span style=\"color: #000000;\"><span style=\"font-family: Cambria, serif;\"><span style=\"font-size: small;\"> is not responsible for the consequences of providing false or incorrect data by you, if, despite the due diligence of the <b>Administrator<\/b>, it is not possible to contact you.<\/span><\/span><\/span><\/span><\/span><\/p>\n<\/li>\n<li>\n<p align=\"justify\"><span style=\"font-family: Times New Roman, serif;\"><span style=\"font-size: medium;\"><span style=\"color: #000000;\"><span style=\"font-family: Cambria, serif;\"><span style=\"font-size: small;\"><b>The Administrator<\/b><\/span><\/span><\/span><span style=\"color: #000000;\"><span style=\"font-family: Cambria, serif;\"><span style=\"font-size: small;\"> is obliged to maintain the confidentiality and privacy of the information obtained for the purpose of providing the above services and not to disclose it to anyone. This obligation remains in force indefinitely.<\/span><\/span><\/span><\/span><\/span><\/p>\n<\/li>\n<\/ol>\n\n\n<div class=\"kk-star-ratings kksr-auto kksr-align-center kksr-valign-bottom\"\n    data-payload='{&quot;align&quot;:&quot;center&quot;,&quot;id&quot;:&quot;5812&quot;,&quot;slug&quot;:&quot;default&quot;,&quot;valign&quot;:&quot;bottom&quot;,&quot;ignore&quot;:&quot;&quot;,&quot;reference&quot;:&quot;auto&quot;,&quot;class&quot;:&quot;&quot;,&quot;count&quot;:&quot;0&quot;,&quot;legendonly&quot;:&quot;&quot;,&quot;readonly&quot;:&quot;&quot;,&quot;score&quot;:&quot;0&quot;,&quot;starsonly&quot;:&quot;&quot;,&quot;best&quot;:&quot;5&quot;,&quot;gap&quot;:&quot;5&quot;,&quot;greet&quot;:&quot;Rate this page&quot;,&quot;legend&quot;:&quot;0\\\/5 - (0 votes)&quot;,&quot;size&quot;:&quot;24&quot;,&quot;title&quot;:&quot;Privacy Policy&quot;,&quot;width&quot;:&quot;0&quot;,&quot;_legend&quot;:&quot;{score}\\\/{best} - ({count} {votes})&quot;,&quot;font_factor&quot;:&quot;1.25&quot;}'>\n            \n<div class=\"kksr-stars\">\n    \n<div class=\"kksr-stars-inactive\">\n            <div class=\"kksr-star\" data-star=\"1\" style=\"padding-right: 5px\">\n            \n\n<div class=\"kksr-icon\" style=\"width: 24px; height: 24px;\"><\/div>\n        <\/div>\n            <div class=\"kksr-star\" data-star=\"2\" style=\"padding-right: 5px\">\n            \n\n<div class=\"kksr-icon\" style=\"width: 24px; height: 24px;\"><\/div>\n        <\/div>\n            <div class=\"kksr-star\" data-star=\"3\" style=\"padding-right: 5px\">\n            \n\n<div class=\"kksr-icon\" style=\"width: 24px; height: 24px;\"><\/div>\n        <\/div>\n            <div class=\"kksr-star\" data-star=\"4\" style=\"padding-right: 5px\">\n            \n\n<div class=\"kksr-icon\" style=\"width: 24px; height: 24px;\"><\/div>\n        <\/div>\n            <div class=\"kksr-star\" data-star=\"5\" style=\"padding-right: 5px\">\n            \n\n<div class=\"kksr-icon\" style=\"width: 24px; height: 24px;\"><\/div>\n        <\/div>\n    <\/div>\n    \n<div class=\"kksr-stars-active\" style=\"width: 0px;\">\n            <div class=\"kksr-star\" style=\"padding-right: 5px\">\n            \n\n<div class=\"kksr-icon\" style=\"width: 24px; height: 24px;\"><\/div>\n        <\/div>\n            <div class=\"kksr-star\" style=\"padding-right: 5px\">\n            \n\n<div class=\"kksr-icon\" style=\"width: 24px; height: 24px;\"><\/div>\n        <\/div>\n            <div class=\"kksr-star\" style=\"padding-right: 5px\">\n            \n\n<div class=\"kksr-icon\" style=\"width: 24px; height: 24px;\"><\/div>\n        <\/div>\n            <div class=\"kksr-star\" style=\"padding-right: 5px\">\n            \n\n<div class=\"kksr-icon\" style=\"width: 24px; height: 24px;\"><\/div>\n        <\/div>\n            <div class=\"kksr-star\" style=\"padding-right: 5px\">\n            \n\n<div class=\"kksr-icon\" style=\"width: 24px; height: 24px;\"><\/div>\n        <\/div>\n    <\/div>\n<\/div>\n                \n\n<div class=\"kksr-legend\" style=\"font-size: 19.2px;\">\n            <span class=\"kksr-muted\">Rate this page<\/span>\n    <\/div>\n    <\/div>\n","protected":false},"excerpt":{"rendered":"<p>Privacy Policy Data Controller of the personal data of the Clients and collaborators of the law firm, within the meaning of Articles 13 and 14 of the Regulation (EU) 2016\/679 [&hellip;]<\/p>\n<p><a href=\"https:\/\/kancelariasurowka.pl\/en\/privacy-policy\/\" class=\"more-link style3-button\">Read More<\/a><\/p>","protected":false},"author":3,"featured_media":0,"parent":0,"menu_order":0,"comment_status":"closed","ping_status":"closed","template":"","meta":{"rs_blank_template":"","rs_page_bg_color":"","slide_template_v7":"","_monsterinsights_skip_tracking":false,"_monsterinsights_sitenote_active":false,"_monsterinsights_sitenote_note":"","_monsterinsights_sitenote_category":0,"footnotes":""},"class_list":["post-5812","page","type-page","status-publish","hentry"],"yoast_head":"<!-- This site is optimized with the Yoast SEO plugin v27.3 - https:\/\/yoast.com\/product\/yoast-seo-wordpress\/ -->\n<title>Privacy Policy - Lawyer Micha\u0142 Sur\u00f3wka<\/title>\n<meta name=\"description\" content=\"Sur\u00f3wka Law Office \u27a4 Privacy Policy\" \/>\n<meta name=\"robots\" content=\"index, follow, max-snippet:-1, max-image-preview:large, max-video-preview:-1\" \/>\n<link rel=\"canonical\" href=\"https:\/\/kancelariasurowka.pl\/en\/privacy-policy\/\" \/>\n<meta property=\"og:locale\" content=\"en_US\" \/>\n<meta property=\"og:type\" content=\"article\" \/>\n<meta property=\"og:title\" content=\"Privacy Policy - Lawyer Micha\u0142 Sur\u00f3wka\" \/>\n<meta property=\"og:description\" content=\"Sur\u00f3wka Law Office \u27a4 Privacy Policy\" \/>\n<meta property=\"og:url\" content=\"https:\/\/kancelariasurowka.pl\/en\/privacy-policy\/\" \/>\n<meta property=\"og:site_name\" content=\"SUR\u00d3WKA Kancelaria Adwokacka\" \/>\n<meta property=\"article:modified_time\" content=\"2025-05-06T15:23:52+00:00\" \/>\n<meta name=\"twitter:card\" content=\"summary_large_image\" \/>\n<meta name=\"twitter:label1\" content=\"Est. reading time\" \/>\n\t<meta name=\"twitter:data1\" content=\"7 minutes\" \/>\n<script type=\"application\/ld+json\" class=\"yoast-schema-graph\">{\"@context\":\"https:\\\/\\\/schema.org\",\"@graph\":[{\"@type\":\"WebPage\",\"@id\":\"https:\\\/\\\/kancelariasurowka.pl\\\/en\\\/privacy-policy\\\/\",\"url\":\"https:\\\/\\\/kancelariasurowka.pl\\\/en\\\/privacy-policy\\\/\",\"name\":\"Privacy Policy - Lawyer Micha\u0142 Sur\u00f3wka\",\"isPartOf\":{\"@id\":\"https:\\\/\\\/kancelariasurowka.pl\\\/en\\\/#website\"},\"datePublished\":\"2023-03-29T05:58:30+00:00\",\"dateModified\":\"2025-05-06T15:23:52+00:00\",\"description\":\"Sur\u00f3wka Law Office \u27a4 Privacy Policy\",\"breadcrumb\":{\"@id\":\"https:\\\/\\\/kancelariasurowka.pl\\\/en\\\/privacy-policy\\\/#breadcrumb\"},\"inLanguage\":\"en-US\",\"potentialAction\":[{\"@type\":\"ReadAction\",\"target\":[\"https:\\\/\\\/kancelariasurowka.pl\\\/en\\\/privacy-policy\\\/\"]}]},{\"@type\":\"BreadcrumbList\",\"@id\":\"https:\\\/\\\/kancelariasurowka.pl\\\/en\\\/privacy-policy\\\/#breadcrumb\",\"itemListElement\":[{\"@type\":\"ListItem\",\"position\":1,\"name\":\"Kancelaria adwokacka Sur\u00f3wka\",\"item\":\"https:\\\/\\\/kancelariasurowka.pl\\\/en\\\/\"},{\"@type\":\"ListItem\",\"position\":2,\"name\":\"Privacy Policy\"}]},{\"@type\":\"WebSite\",\"@id\":\"https:\\\/\\\/kancelariasurowka.pl\\\/en\\\/#website\",\"url\":\"https:\\\/\\\/kancelariasurowka.pl\\\/en\\\/\",\"name\":\"Kancelaria Adwokacka Sur\u00f3wka\",\"description\":\"Kancelaria prawna Krak\u00f3w\",\"publisher\":{\"@id\":\"https:\\\/\\\/kancelariasurowka.pl\\\/en\\\/#organization\"},\"potentialAction\":[{\"@type\":\"SearchAction\",\"target\":{\"@type\":\"EntryPoint\",\"urlTemplate\":\"https:\\\/\\\/kancelariasurowka.pl\\\/en\\\/?s={search_term_string}\"},\"query-input\":{\"@type\":\"PropertyValueSpecification\",\"valueRequired\":true,\"valueName\":\"search_term_string\"}}],\"inLanguage\":\"en-US\"},{\"@type\":\"Organization\",\"@id\":\"https:\\\/\\\/kancelariasurowka.pl\\\/en\\\/#organization\",\"name\":\"Kancelaria Adwokacja Sur\u00f3wka\",\"url\":\"https:\\\/\\\/kancelariasurowka.pl\\\/en\\\/\",\"logo\":{\"@type\":\"ImageObject\",\"inLanguage\":\"en-US\",\"@id\":\"https:\\\/\\\/kancelariasurowka.pl\\\/en\\\/#\\\/schema\\\/logo\\\/image\\\/\",\"url\":\"https:\\\/\\\/kancelariasurowka.pl\\\/wp-content\\\/uploads\\\/2019\\\/08\\\/kancelaria_surowka-logo-black-301px.jpg\",\"contentUrl\":\"https:\\\/\\\/kancelariasurowka.pl\\\/wp-content\\\/uploads\\\/2019\\\/08\\\/kancelaria_surowka-logo-black-301px.jpg\",\"width\":320,\"height\":202,\"caption\":\"Kancelaria Adwokacja Sur\u00f3wka\"},\"image\":{\"@id\":\"https:\\\/\\\/kancelariasurowka.pl\\\/en\\\/#\\\/schema\\\/logo\\\/image\\\/\"}}]}<\/script>\n<!-- \/ Yoast SEO plugin. -->","yoast_head_json":{"title":"Privacy Policy - Lawyer Micha\u0142 Sur\u00f3wka","description":"Sur\u00f3wka Law Office \u27a4 Privacy Policy","robots":{"index":"index","follow":"follow","max-snippet":"max-snippet:-1","max-image-preview":"max-image-preview:large","max-video-preview":"max-video-preview:-1"},"canonical":"https:\/\/kancelariasurowka.pl\/en\/privacy-policy\/","og_locale":"en_US","og_type":"article","og_title":"Privacy Policy - Lawyer Micha\u0142 Sur\u00f3wka","og_description":"Sur\u00f3wka Law Office \u27a4 Privacy Policy","og_url":"https:\/\/kancelariasurowka.pl\/en\/privacy-policy\/","og_site_name":"SUR\u00d3WKA Kancelaria Adwokacka","article_modified_time":"2025-05-06T15:23:52+00:00","twitter_card":"summary_large_image","twitter_misc":{"Est. reading time":"7 minutes"},"schema":{"@context":"https:\/\/schema.org","@graph":[{"@type":"WebPage","@id":"https:\/\/kancelariasurowka.pl\/en\/privacy-policy\/","url":"https:\/\/kancelariasurowka.pl\/en\/privacy-policy\/","name":"Privacy Policy - Lawyer Micha\u0142 Sur\u00f3wka","isPartOf":{"@id":"https:\/\/kancelariasurowka.pl\/en\/#website"},"datePublished":"2023-03-29T05:58:30+00:00","dateModified":"2025-05-06T15:23:52+00:00","description":"Sur\u00f3wka Law Office \u27a4 Privacy Policy","breadcrumb":{"@id":"https:\/\/kancelariasurowka.pl\/en\/privacy-policy\/#breadcrumb"},"inLanguage":"en-US","potentialAction":[{"@type":"ReadAction","target":["https:\/\/kancelariasurowka.pl\/en\/privacy-policy\/"]}]},{"@type":"BreadcrumbList","@id":"https:\/\/kancelariasurowka.pl\/en\/privacy-policy\/#breadcrumb","itemListElement":[{"@type":"ListItem","position":1,"name":"Kancelaria adwokacka Sur\u00f3wka","item":"https:\/\/kancelariasurowka.pl\/en\/"},{"@type":"ListItem","position":2,"name":"Privacy Policy"}]},{"@type":"WebSite","@id":"https:\/\/kancelariasurowka.pl\/en\/#website","url":"https:\/\/kancelariasurowka.pl\/en\/","name":"Kancelaria Adwokacka Sur\u00f3wka","description":"Kancelaria prawna Krak\u00f3w","publisher":{"@id":"https:\/\/kancelariasurowka.pl\/en\/#organization"},"potentialAction":[{"@type":"SearchAction","target":{"@type":"EntryPoint","urlTemplate":"https:\/\/kancelariasurowka.pl\/en\/?s={search_term_string}"},"query-input":{"@type":"PropertyValueSpecification","valueRequired":true,"valueName":"search_term_string"}}],"inLanguage":"en-US"},{"@type":"Organization","@id":"https:\/\/kancelariasurowka.pl\/en\/#organization","name":"Kancelaria Adwokacja Sur\u00f3wka","url":"https:\/\/kancelariasurowka.pl\/en\/","logo":{"@type":"ImageObject","inLanguage":"en-US","@id":"https:\/\/kancelariasurowka.pl\/en\/#\/schema\/logo\/image\/","url":"https:\/\/kancelariasurowka.pl\/wp-content\/uploads\/2019\/08\/kancelaria_surowka-logo-black-301px.jpg","contentUrl":"https:\/\/kancelariasurowka.pl\/wp-content\/uploads\/2019\/08\/kancelaria_surowka-logo-black-301px.jpg","width":320,"height":202,"caption":"Kancelaria Adwokacja Sur\u00f3wka"},"image":{"@id":"https:\/\/kancelariasurowka.pl\/en\/#\/schema\/logo\/image\/"}}]}},"_links":{"self":[{"href":"https:\/\/kancelariasurowka.pl\/en\/wp-json\/wp\/v2\/pages\/5812","targetHints":{"allow":["GET"]}}],"collection":[{"href":"https:\/\/kancelariasurowka.pl\/en\/wp-json\/wp\/v2\/pages"}],"about":[{"href":"https:\/\/kancelariasurowka.pl\/en\/wp-json\/wp\/v2\/types\/page"}],"author":[{"embeddable":true,"href":"https:\/\/kancelariasurowka.pl\/en\/wp-json\/wp\/v2\/users\/3"}],"replies":[{"embeddable":true,"href":"https:\/\/kancelariasurowka.pl\/en\/wp-json\/wp\/v2\/comments?post=5812"}],"version-history":[{"count":2,"href":"https:\/\/kancelariasurowka.pl\/en\/wp-json\/wp\/v2\/pages\/5812\/revisions"}],"predecessor-version":[{"id":6140,"href":"https:\/\/kancelariasurowka.pl\/en\/wp-json\/wp\/v2\/pages\/5812\/revisions\/6140"}],"wp:attachment":[{"href":"https:\/\/kancelariasurowka.pl\/en\/wp-json\/wp\/v2\/media?parent=5812"}],"curies":[{"name":"wp","href":"https:\/\/api.w.org\/{rel}","templated":true}]}}